{"id":5182,"date":"2026-04-09T22:57:33","date_gmt":"2026-04-09T20:57:33","guid":{"rendered":"https:\/\/webdev.realisons.com\/?post_type=product&#038;p=5182"},"modified":"2026-04-22T11:26:57","modified_gmt":"2026-04-22T09:26:57","slug":"le-programme","status":"publish","type":"product","link":"https:\/\/realisons.com\/fr\/produit\/le-programme\/","title":{"rendered":"Le programme"},"content":{"rendered":"<h4>Ce que vous recevez<\/h4>\n<ul>\n<li>240 minutes d&rsquo;accompagnement individuel<\/li>\n<li>Plateforme intelligente 24\/24<\/li>\n<li>Parcours guid\u00e9s et m\u00e9thodologie \u00e9prouv\u00e9e<\/li>\n<li>Validation humaine aux \u00e9tapes cl\u00e9s<\/li>\n<li>Plan d&rsquo;action activable \u00e0 la fin<\/li>\n<li>Acc\u00e8s au catalogue de services<\/li>\n<\/ul>\n<h4>Conditions<\/h4>\n<ul>\n<li>Paiement s\u00e9curis\u00e9 avec Stripe<\/li>\n<li>Ou en 4x avec HeyLight (3.99 % d&rsquo;int\u00e9r\u00eats en sus)<\/li>\n<li>Voir <a href=\"https:\/\/realisons.com\/fr\/cgv\/\" target=\"_blank\" rel=\"noopener\">Conditions G\u00e9n\u00e9rales de Vente<\/a> pour les d\u00e9tails<\/li>\n<li>Un accompagnateur vous contacte apr\u00e8s paiement<\/li>\n<\/ul>\n","protected":false},"excerpt":{"rendered":"<p>Ce que vous recevez 240 minutes d&rsquo;accompagnement individuel Plateforme intelligente 24\/24 Parcours guid\u00e9s et m\u00e9thodologie \u00e9prouv\u00e9e Validation humaine aux \u00e9tapes cl\u00e9s Plan d&rsquo;action activable \u00e0 la fin Acc\u00e8s au catalogue de services Conditions Paiement s\u00e9curis\u00e9 avec Stripe Ou en 4x avec HeyLight (3.99 % d&rsquo;int\u00e9r\u00eats en sus) Voir Conditions G\u00e9n\u00e9rales de Vente pour les d\u00e9tails [&hellip;]<\/p>\n","protected":false},"featured_media":0,"template":"","meta":{"_acf_changed":false},"product_brand":[],"product_cat":[18],"product_tag":[],"class_list":{"0":"post-5182","1":"product","2":"type-product","3":"status-publish","5":"product_cat-non-classe","7":"first","8":"instock","9":"sale","10":"virtual","11":"sold-individually","12":"taxable","13":"purchasable","14":"product-type-simple"},"acf":[],"_links":{"self":[{"href":"https:\/\/realisons.com\/fr\/wp-json\/wp\/v2\/product\/5182","targetHints":{"allow":["GET"]}}],"collection":[{"href":"https:\/\/realisons.com\/fr\/wp-json\/wp\/v2\/product"}],"about":[{"href":"https:\/\/realisons.com\/fr\/wp-json\/wp\/v2\/types\/product"}],"wp:attachment":[{"href":"https:\/\/realisons.com\/fr\/wp-json\/wp\/v2\/media?parent=5182"}],"wp:term":[{"taxonomy":"product_brand","embeddable":true,"href":"https:\/\/realisons.com\/fr\/wp-json\/wp\/v2\/product_brand?post=5182"},{"taxonomy":"product_cat","embeddable":true,"href":"https:\/\/realisons.com\/fr\/wp-json\/wp\/v2\/product_cat?post=5182"},{"taxonomy":"product_tag","embeddable":true,"href":"https:\/\/realisons.com\/fr\/wp-json\/wp\/v2\/product_tag?post=5182"}],"curies":[{"name":"wp","href":"https:\/\/api.w.org\/{rel}","templated":true}]}}