{"id":5747,"date":"2026-04-21T17:51:03","date_gmt":"2026-04-21T15:51:03","guid":{"rendered":"https:\/\/webdev.realisons.com\/echange\/"},"modified":"2026-04-21T17:51:03","modified_gmt":"2026-04-21T15:51:03","slug":"echange","status":"publish","type":"page","link":"https:\/\/realisons.com\/fr\/echange\/","title":{"rendered":"\u00c9change"},"content":{"rendered":"\n<section class=\"r-reservation\" aria-label=\"\u00c9change\"><div class=\"r-reservation__inner\"><header class=\"r-reservation__header\"><p class=\"r-eyebrow\">\u00c9CHANGE<\/p><p class=\"r-body\">R\u00e9servez un \u00e9change gratuit de 15 minutes. Nous v\u00e9rifions ensemble si R\u00e9alisons correspond \u00e0 votre situation.<\/p><\/header><div class=\"r-reservation__card\"><div class=\"fcal_cal_wrap fcal-light-mode\">\n    <div class=\"fluent_booking_app\" data-calendar_id=\"1\"\n         data-event_id=\"1\"><\/div>\n    <\/div>\n\n<style>\n    .fcal_phone_wrapper .flag {\n        background: url(https:\/\/realisons.com\/wp-content\/plugins\/fluent-booking\/assets\/images\/flags_responsive.png) no-repeat;\n        background-size: 100%;\n    }\n<\/style>\n<\/div><div class=\"r-footer-page__ctas\"><a class=\"r-btn r-btn--ghost\" href=\"\/\">\u2190 Revenir<\/a><\/div><\/div><\/section>\n","protected":false},"excerpt":{"rendered":"<p>\u00c9CHANGE R\u00e9servez un \u00e9change gratuit de 15 minutes. Nous v\u00e9rifions ensemble si R\u00e9alisons correspond \u00e0 votre situation. \u2190 Revenir<\/p>\n","protected":false},"author":0,"featured_media":0,"parent":0,"menu_order":0,"comment_status":"closed","ping_status":"closed","template":"","meta":{"_acf_changed":false,"footnotes":""},"class_list":["post-5747","page","type-page","status-publish","hentry"],"acf":[],"_links":{"self":[{"href":"https:\/\/realisons.com\/fr\/wp-json\/wp\/v2\/pages\/5747","targetHints":{"allow":["GET"]}}],"collection":[{"href":"https:\/\/realisons.com\/fr\/wp-json\/wp\/v2\/pages"}],"about":[{"href":"https:\/\/realisons.com\/fr\/wp-json\/wp\/v2\/types\/page"}],"replies":[{"embeddable":true,"href":"https:\/\/realisons.com\/fr\/wp-json\/wp\/v2\/comments?post=5747"}],"version-history":[{"count":0,"href":"https:\/\/realisons.com\/fr\/wp-json\/wp\/v2\/pages\/5747\/revisions"}],"wp:attachment":[{"href":"https:\/\/realisons.com\/fr\/wp-json\/wp\/v2\/media?parent=5747"}],"curies":[{"name":"wp","href":"https:\/\/api.w.org\/{rel}","templated":true}]}}