{"id":5211,"date":"2026-04-10T14:52:06","date_gmt":"2026-04-10T12:52:06","guid":{"rendered":"https:\/\/webdev.realisons.com\/commande\/"},"modified":"2026-04-22T15:27:18","modified_gmt":"2026-04-22T13:27:18","slug":"commande","status":"publish","type":"page","link":"https:\/\/realisons.com\/fr\/commande\/","title":{"rendered":"Commande"},"content":{"rendered":"\n<section class=\"r-checkout\" aria-label=\"Commande\" data-checkout-page=\"commande\">\n    <div class=\"r-checkout__inner\">\n        <div class=\"r-checkout__left\">\n            <p class=\"r-eyebrow\">INVESTISSEMENT<\/p>\n            <h1 class=\"r-checkout__title\">Finalisez votre commande<\/h1>\n            <!-- Promo badge + prix dynamiques inject\u00e9s par JS apr\u00e8s .r-checkout__title -->\n            <div class=\"r-checkout__details\">\n                <p class=\"r-checkout__program\">Le Programme<\/p>\n                <p class=\"r-checkout__details-title\">Offre de lancement plateforme<\/p>\n                <ul class=\"r-info-section__list\">\n                    <li>880.- au lieu de 980.- jusqu&#039;au 6 juin 2026<\/li>\n                    <li>2 mois d&#039;abonnement offerts (140.- de valeur)<\/li>\n                    <li>\u00c9conomie totale de 240.-<\/li>\n                <\/ul>\n                <p class=\"r-checkout__details-title\">Ce que vous recevez<\/p>\n                <ul class=\"r-info-section__list\">\n                    <li>Accompagnement sur 3 mois<\/li>\n                    <li>240 minutes d&#039;accompagnement individuel<\/li>\n                    <li>Plateforme intelligente 24\/24 (d\u00e8s le 11 mai)<\/li>\n                    <li>Parcours guid\u00e9s et r\u00e9f\u00e9rentiel m\u00e9thodologique<\/li>\n                    <li>Validation humaine aux \u00e9tapes cl\u00e9s<\/li>\n                    <li>Plan d&#039;action activable \u00e0 la fin<\/li>\n                    <li>Acc\u00e8s au catalogue de services<\/li>\n                    <li>Possibilit\u00e9 d&#039;interview dans le podcast Entredonner<\/li>\n                <\/ul>\n                <p class=\"r-checkout__details-title\">Conditions<\/p>\n                <ul class=\"r-info-section__list\">\n                    <li>Paiement par TWINT, PostFinance, Visa ou Mastercard<\/li>\n                    <li>Ou en 4x avec HeyLight (3.99 % d&#039;int\u00e9r\u00eats en sus)<\/li>\n                    <li><a href=\"https:\/\/realisons.com\/cgv\/\">Voir Conditions G\u00e9n\u00e9rales de Vente<\/a><\/li>\n                <\/ul>\n            <\/div>\n        <\/div>\n        <div class=\"r-checkout__right\">\n            <div class=\"woocommerce\"><\/div>\n        <\/div>\n    <\/div>\n<\/section>\n","protected":false},"excerpt":{"rendered":"<p>INVESTISSEMENT Finalisez votre commande Le Programme Offre de lancement plateforme 880.- au lieu de 980.- jusqu&#039;au 6 juin 2026 2 mois d&#039;abonnement offerts (140.- de valeur) \u00c9conomie totale de 240.- Ce que vous recevez Accompagnement sur 3 mois 240 minutes d&#039;accompagnement individuel Plateforme intelligente 24\/24 (d\u00e8s le 11 mai) Parcours guid\u00e9s et r\u00e9f\u00e9rentiel m\u00e9thodologique Validation [&hellip;]<\/p>\n","protected":false},"author":7,"featured_media":0,"parent":0,"menu_order":0,"comment_status":"closed","ping_status":"closed","template":"","meta":{"_acf_changed":false,"footnotes":""},"class_list":["post-5211","page","type-page","status-publish","hentry"],"acf":[],"_links":{"self":[{"href":"https:\/\/realisons.com\/fr\/wp-json\/wp\/v2\/pages\/5211","targetHints":{"allow":["GET"]}}],"collection":[{"href":"https:\/\/realisons.com\/fr\/wp-json\/wp\/v2\/pages"}],"about":[{"href":"https:\/\/realisons.com\/fr\/wp-json\/wp\/v2\/types\/page"}],"author":[{"embeddable":true,"href":"https:\/\/realisons.com\/fr\/wp-json\/wp\/v2\/users\/7"}],"replies":[{"embeddable":true,"href":"https:\/\/realisons.com\/fr\/wp-json\/wp\/v2\/comments?post=5211"}],"version-history":[{"count":18,"href":"https:\/\/realisons.com\/fr\/wp-json\/wp\/v2\/pages\/5211\/revisions"}],"predecessor-version":[{"id":5771,"href":"https:\/\/realisons.com\/fr\/wp-json\/wp\/v2\/pages\/5211\/revisions\/5771"}],"wp:attachment":[{"href":"https:\/\/realisons.com\/fr\/wp-json\/wp\/v2\/media?parent=5211"}],"curies":[{"name":"wp","href":"https:\/\/api.w.org\/{rel}","templated":true}]}}