{"id":4848,"date":"2026-03-25T18:40:34","date_gmt":"2026-03-25T17:40:34","guid":{"rendered":"https:\/\/new.realisons.com\/?page_id=4848"},"modified":"2026-04-22T15:46:55","modified_gmt":"2026-04-22T13:46:55","slug":"prix","status":"publish","type":"page","link":"https:\/\/realisons.com\/fr\/prix\/","title":{"rendered":"Les Prix"},"content":{"rendered":"<div class=\"et_pb_section_0 et_pb_section et_section_regular et_flex_section\">\n<div class=\"et_pb_row_0 et_pb_row et_flex_row\">\n<div class=\"et_pb_column_0 et_pb_column et-last-child et_flex_column et_pb_css_mix_blend_mode_passthrough et_flex_column_24_24 et_flex_column_24_24_tablet et_flex_column_24_24_phone\">\n<section class=\"r-tarifs-hero\" aria-label=\"Tarifs et programmes R\u00e9alisons\">\n  <div class=\"r-tarifs-hero__inner\">\n\n    <div class=\"r-hero__left r-tarifs-hero__left\" aria-live=\"polite\" aria-atomic=\"true\">\n      <div class=\"r-hero__top\">\n        <p class=\"r-eyebrow\">LE PRIX<\/p>\n        <p class=\"r-hero__step r-tarifs-hero__step\">LE PROGRAMME<\/p>\n      <\/div>\n      <div class=\"r-tarifs-hero__spacer\" aria-hidden=\"true\"><\/div>\n      <h1 class=\"r-h1 r-tarifs-hero__titre\">Vous commencez par un programme de 3 mois.<\/h1>\n      <p class=\"r-body r-tarifs-hero__sous-titre\">Ce qu&#039;on vous demande.<\/p>\n      <p class=\"r-body r-tarifs-hero__pitch\">Trois mois pour poser les fondations.<\/p>\n    <\/div>\n\n    <div class=\"r-tarifs-hero__right\">\n      <div class=\"r-tarifs-hero__carousel\" role=\"region\" aria-roledescription=\"carousel\" aria-label=\"Cartes produits\">\n        <article class=\"r-tarifs-hero__card r-tarifs-hero__card--teal\" data-label=\"LE PROGRAMME\" data-prix=\"980.\u2014\" data-desc=\"Trois mois pour poser les fondations. Le catalogue est accessible d\u00e8s le programme. Vous repartez avec un plan d&#039;action activable.\" data-titre=\"Vous commencez ici.\" data-pitch=\"Trois mois pour poser les fondations.\" aria-label=\"Tarif LE PROGRAMME \u2014 980.\u2014\">\n                <p class=\"r-tarifs-hero__card-label\">LE PROGRAMME<\/p>\n                <p class=\"r-tarifs-hero__card-prix\">980.\u2014<\/p>\n                <p class=\"r-tarifs-hero__card-desc\">Trois mois pour poser les fondations. Le catalogue est accessible d\u00e8s le programme. Vous repartez avec un plan d&#039;action activable.<\/p>\n                <ul class=\"r-tarifs-hero__features\"><li class=\"r-tarifs-hero__feature\">\u2713 Accompagnement sur 3 mois<\/li><li class=\"r-tarifs-hero__feature\">\u2713 240 minutes d&#039;accompagnement individuel<\/li><li class=\"r-tarifs-hero__feature\">\u2713 Plateforme intelligente 24\/24 (d\u00e8s le 11 mai)<\/li><li class=\"r-tarifs-hero__feature\">\u2713 Parcours guid\u00e9s et r\u00e9f\u00e9rentiel m\u00e9thodologique<\/li><li class=\"r-tarifs-hero__feature\">\u2713 Validation humaine aux \u00e9tapes cl\u00e9s<\/li><li class=\"r-tarifs-hero__feature\">\u2713 Plan d&#039;action activable \u00e0 la fin<\/li><li class=\"r-tarifs-hero__feature\">\u2713 Acc\u00e8s au catalogue de services<\/li><li class=\"r-tarifs-hero__feature\">\u2713 Possibilit\u00e9 d&#039;interview dans le podcast Entredonner<\/li><\/ul>\n                <div class=\"r-tarifs-hero__card-spacer\"><\/div>\n                <a href=\"\/commande\/\" class=\"r-btn r-btn--teal r-tarifs-hero__card-cta\">Voir le programme<\/a>\n                <p class=\"r-caption r-tarifs-hero__card-note\">Paiement s\u00e9curis\u00e9 \u00b7 HeidiPay \u00b7 zahls.ch<\/p>\n            <\/article>\n\n<article class=\"r-tarifs-hero__card r-tarifs-hero__card--teal\" data-label=\"LA PLATEFORME\" data-prix=\"70.\u2014\/mois\" data-desc=\"Vous continuez \u00e0 acc\u00e9der \u00e0 votre espace de travail, aux ressources et \u00e0 l&#039;assistance. L&#039;abonnement Plateforme vous permet d&#039;utiliser Le Compl\u00e9ment, Les Minutes et Le Catalogue.\" data-titre=\"Apr\u00e8s le programme, la suite.\" data-pitch=\"Continuer en autonomie apr\u00e8s le programme.\" aria-label=\"Tarif LA PLATEFORME \u2014 70.\u2014\/mois\">\n                <p class=\"r-tarifs-hero__card-label\">LA PLATEFORME<\/p>\n                <p class=\"r-tarifs-hero__card-prix\">70.\u2014\/mois<\/p>\n                <p class=\"r-tarifs-hero__card-desc\">Vous continuez \u00e0 acc\u00e9der \u00e0 votre espace de travail, aux ressources et \u00e0 l&#039;assistance. L&#039;abonnement Plateforme vous permet d&#039;utiliser Le Compl\u00e9ment, Les Minutes et Le Catalogue.<\/p>\n                <ul class=\"r-tarifs-hero__features\"><li class=\"r-tarifs-hero__feature\">\u2713 Prolongation du programme initial<\/li><li class=\"r-tarifs-hero__feature\">\u2713 Plateforme intelligente 24\/24<\/li><li class=\"r-tarifs-hero__feature\">\u2713 Biblioth\u00e8que de ressources<\/li><li class=\"r-tarifs-hero__feature\">\u2713 Acc\u00e8s au catalogue de services<\/li><li class=\"r-tarifs-hero__feature\">\u2713 Sans engagement<\/li><\/ul>\n                <div class=\"r-tarifs-hero__card-spacer\"><\/div>\n                <a href=\"\/commande\/\" class=\"r-btn r-btn--teal r-tarifs-hero__card-cta\">Voir le programme<\/a>\n                <p class=\"r-caption r-tarifs-hero__card-note\">Paiement s\u00e9curis\u00e9 \u00b7 HeidiPay \u00b7 zahls.ch<\/p>\n            <\/article>\n\n<article class=\"r-tarifs-hero__card r-tarifs-hero__card--green\" data-label=\"LE COMPL\u00c9MENT\" data-prix=\"380.\u2014\/parcours\" data-desc=\"En tout temps apr\u00e8s le programme initial, vous pouvez creuser un sujet pr\u00e9cis avec un accompagnateur. Nous cadrons le parcours et vous validez le livrable.\" data-titre=\"Approfondir un sujet.\" data-pitch=\"Approfondir un sujet, en tout temps apr\u00e8s le programme.\" aria-label=\"Tarif LE COMPL\u00c9MENT \u2014 380.\u2014\/parcours\">\n                <p class=\"r-tarifs-hero__card-label\">LE COMPL\u00c9MENT<\/p>\n                <p class=\"r-tarifs-hero__card-prix\">380.\u2014\/parcours<\/p>\n                <p class=\"r-tarifs-hero__card-desc\">En tout temps apr\u00e8s le programme initial, vous pouvez creuser un sujet pr\u00e9cis avec un accompagnateur. Nous cadrons le parcours et vous validez le livrable.<\/p>\n                <ul class=\"r-tarifs-hero__features\"><li class=\"r-tarifs-hero__feature\">\u2713 1 sujet au choix<\/li><li class=\"r-tarifs-hero__feature\">\u2713 90 min d&#039;accompagnement individuel<\/li><li class=\"r-tarifs-hero__feature\">\u2713 Parcours guid\u00e9s et r\u00e9f\u00e9rentiel m\u00e9thodologique<\/li><li class=\"r-tarifs-hero__feature\">\u2713 Livrable formalis\u00e9<\/li><li class=\"r-tarifs-hero__feature\">\u2713 Abonnement Plateforme requis<\/li><\/ul>\n                <div class=\"r-tarifs-hero__card-spacer\"><\/div>\n                <a href=\"\/commande\/\" class=\"r-btn r-btn--teal r-tarifs-hero__card-cta\">Voir le programme<\/a>\n                <p class=\"r-caption r-tarifs-hero__card-note\">Paiement s\u00e9curis\u00e9 \u00b7 HeidiPay \u00b7 zahls.ch<\/p>\n            <\/article>\n\n<article class=\"r-tarifs-hero__card r-tarifs-hero__card--orange\" data-label=\"LES MINUTES\" data-prix=\"200.\u2014\/60 min\" data-desc=\"Des minutes d&#039;accompagnement individuel \u00e0 la demande, utilisables en une ou plusieurs s\u00e9ances, quand vous en avez besoin.\" data-titre=\"Du temps suppl\u00e9mentaire.\" data-pitch=\"Des minutes d&#039;accompagnement \u00e0 la demande.\" aria-label=\"Tarif LES MINUTES \u2014 200.\u2014\/60 min\">\n                <p class=\"r-tarifs-hero__card-label\">LES MINUTES<\/p>\n                <p class=\"r-tarifs-hero__card-prix\">200.\u2014\/60 min<\/p>\n                <p class=\"r-tarifs-hero__card-desc\">Des minutes d&#039;accompagnement individuel \u00e0 la demande, utilisables en une ou plusieurs s\u00e9ances, quand vous en avez besoin.<\/p>\n                <ul class=\"r-tarifs-hero__features\"><li class=\"r-tarifs-hero__feature\">\u2713 60 minutes d&#039;accompagnement individuel<\/li><li class=\"r-tarifs-hero__feature\">\u2713 Utilisables en une ou plusieurs s\u00e9ances<\/li><li class=\"r-tarifs-hero__feature\">\u2713 Flexible, sans engagement<\/li><li class=\"r-tarifs-hero__feature\">\u2713 Utilisables pendant votre abonnement<\/li><li class=\"r-tarifs-hero__feature\">\u2713 Abonnement Plateforme requis<\/li><\/ul>\n                <div class=\"r-tarifs-hero__card-spacer\"><\/div>\n                <a href=\"\/commande\/\" class=\"r-btn r-btn--teal r-tarifs-hero__card-cta\">Voir le programme<\/a>\n                <p class=\"r-caption r-tarifs-hero__card-note\">Paiement s\u00e9curis\u00e9 \u00b7 HeidiPay \u00b7 zahls.ch<\/p>\n            <\/article>\n\n<article class=\"r-tarifs-hero__card r-tarifs-hero__card--orange\" data-label=\"LE CATALOGUE\" data-prix=\"Sur demande\" data-desc=\"Une fois la strat\u00e9gie pos\u00e9e, vous pouvez activer une prestation du catalogue, analyse ou r\u00e9alisation. Nous coordonnons ou assistons, selon votre besoin.\" data-titre=\"Activer une prestation.\" data-pitch=\"Activer une prestation du catalogue.\" aria-label=\"Tarif LE CATALOGUE \u2014 Sur demande\">\n                <p class=\"r-tarifs-hero__card-label\">LE CATALOGUE<\/p>\n                <p class=\"r-tarifs-hero__card-prix\">Sur demande<\/p>\n                <p class=\"r-tarifs-hero__card-desc\">Une fois la strat\u00e9gie pos\u00e9e, vous pouvez activer une prestation du catalogue, analyse ou r\u00e9alisation. Nous coordonnons ou assistons, selon votre besoin.<\/p>\n                <ul class=\"r-tarifs-hero__features\"><li class=\"r-tarifs-hero__feature\">\u2713 Cahier des charges d\u00e9fini en amont<\/li><li class=\"r-tarifs-hero__feature\">\u2713 Nos partenaires v\u00e9rifi\u00e9s<\/li><li class=\"r-tarifs-hero__feature\">\u2713 Coordination ou assistance<\/li><li class=\"r-tarifs-hero__feature\">\u2713 Tarifs transparents par partenaire<\/li><li class=\"r-tarifs-hero__feature\">\u2713 Abonnement Plateforme requis<\/li><\/ul>\n                <div class=\"r-tarifs-hero__card-spacer\"><\/div>\n                <a href=\"\/commande\/\" class=\"r-btn r-btn--teal r-tarifs-hero__card-cta\">Voir le programme<\/a>\n                <p class=\"r-caption r-tarifs-hero__card-note\">Paiement s\u00e9curis\u00e9 \u00b7 HeidiPay \u00b7 zahls.ch<\/p>\n            <\/article>\n      <\/div>\n\n      <div class=\"r-tarifs-hero__nav-area\">\n        <button class=\"r-tarifs-hero__nav r-tarifs-hero__nav--prev\" aria-label=\"Produit pr\u00e9c\u00e9dent\" type=\"button\">&larr;<\/button>\n        <div class=\"r-tarifs-hero__dots\"><button type=\"button\" class=\"r-tarifs-hero__dot r-tarifs-hero__dot--active\" aria-label=\"Voir produit 1\"><\/button><button type=\"button\" class=\"r-tarifs-hero__dot\" aria-label=\"Voir produit 2\"><\/button><button type=\"button\" class=\"r-tarifs-hero__dot\" aria-label=\"Voir produit 3\"><\/button><button type=\"button\" class=\"r-tarifs-hero__dot\" aria-label=\"Voir produit 4\"><\/button><button type=\"button\" class=\"r-tarifs-hero__dot\" aria-label=\"Voir produit 5\"><\/button><\/div>\n        <button class=\"r-tarifs-hero__nav r-tarifs-hero__nav--next\" aria-label=\"Produit suivant\" type=\"button\">&rarr;<\/button>\n      <\/div>\n    <\/div>\n\n  <\/div>\n<\/section>\n<\/div>\n<\/div>\n<\/div>","protected":false},"excerpt":{"rendered":"","protected":false},"author":1,"featured_media":0,"parent":0,"menu_order":4,"comment_status":"closed","ping_status":"closed","template":"","meta":{"_acf_changed":false,"footnotes":""},"class_list":["post-4848","page","type-page","status-publish","hentry"],"acf":[],"_links":{"self":[{"href":"https:\/\/realisons.com\/fr\/wp-json\/wp\/v2\/pages\/4848","targetHints":{"allow":["GET"]}}],"collection":[{"href":"https:\/\/realisons.com\/fr\/wp-json\/wp\/v2\/pages"}],"about":[{"href":"https:\/\/realisons.com\/fr\/wp-json\/wp\/v2\/types\/page"}],"author":[{"embeddable":true,"href":"https:\/\/realisons.com\/fr\/wp-json\/wp\/v2\/users\/1"}],"replies":[{"embeddable":true,"href":"https:\/\/realisons.com\/fr\/wp-json\/wp\/v2\/comments?post=4848"}],"version-history":[{"count":56,"href":"https:\/\/realisons.com\/fr\/wp-json\/wp\/v2\/pages\/4848\/revisions"}],"predecessor-version":[{"id":5772,"href":"https:\/\/realisons.com\/fr\/wp-json\/wp\/v2\/pages\/4848\/revisions\/5772"}],"wp:attachment":[{"href":"https:\/\/realisons.com\/fr\/wp-json\/wp\/v2\/media?parent=4848"}],"curies":[{"name":"wp","href":"https:\/\/api.w.org\/{rel}","templated":true}]}}