{"id":3705,"date":"2025-06-11T13:17:51","date_gmt":"2025-06-11T11:17:51","guid":{"rendered":"https:\/\/realisons.com\/?page_id=3705"},"modified":"2026-03-25T17:55:27","modified_gmt":"2026-03-25T16:55:27","slug":"auto-edition-livre","status":"publish","type":"page","link":"https:\/\/realisons.com\/fr\/auto-edition-livre\/","title":{"rendered":"Auto-\u00e9dition"},"content":{"rendered":"\n<div class=\"et_pb_section_0 et_pb_section et_section_regular et_block_section\"><div class=\"et_pb_row_0 et_pb_row et_block_row\"><div class=\"et_pb_column_0 et_pb_column et_pb_column_4_4 et-last-child et_block_column et_pb_css_mix_blend_mode_passthrough\"><div class=\"et_pb_text_0 et_pb_text et_pb_bg_layout_light et_pb_module et_block_module\"><div class=\"et_pb_text_inner\"><p>Retour \u00e0 l'aper\u00e7u des prestations<\/p>\n<\/div><\/div><\/div><\/div><\/div><div class=\"et_pb_section_1 et_pb_section et_section_regular et_block_section\" id=\"offres\"><div class=\"et_pb_row_1 et_pb_row et_block_row\"><div class=\"et_pb_column_1 et_pb_column et_pb_column_4_4 et-last-child et_block_column et_pb_css_mix_blend_mode_passthrough\"><div class=\"et_pb_text_1 et_pb_text et_pb_bg_layout_light et_pb_module et_block_module\"><div class=\"et_pb_text_inner\"><h1 style=\"text-align: center;\">Accompagnement \u00e0 l\u2019auto-\u00e9dition<\/h1>\n<h3 class=\"p1\" style=\"text-align: center;\"><b>Transformez votre manuscrit en livre professionnel<\/b><\/h3>\n<\/div><\/div><\/div><\/div><div class=\"et_pb_row_2 et_pb_row et_block_row\"><div class=\"et_pb_column_2 et_pb_column et_pb_column_4_4 et-last-child et_block_column et_pb_css_mix_blend_mode_passthrough\"><div class=\"et_pb_image_0 et_pb_image et_pb_module et_block_module\"><span class=\"et_pb_image_wrap\"><img decoding=\"async\" src=\"https:\/\/dev.realisons.com\/wp-content\/uploads\/2025\/06\/accompagnement-livre.jpg\" title=\"accompagnement-livre\" \/><\/span><\/div><div class=\"et_pb_text_2 et_pb_text et_pb_bg_layout_light et_pb_module et_block_module\"><div class=\"et_pb_text_inner\"><h3>Avez-vous d\u00e9j\u00e0 pens\u00e9 \u00e0 publier votre livre ?<\/h3>\n<p><em>Vous souhaitez vous lancer dans l\u2019auto-\u00e9dition, mais ne savez pas par o\u00f9 commencer.<\/em><\/p>\n<p><em>Vous avez d\u00e9j\u00e0 \u00e9crit votre manuscrit, mais il vous manque un cadre clair pour aller au bout.<\/em><\/p>\n<h4>\u00c9diter soi-m\u00eame son livre est devenu accessible aujourd\u2019hui.<\/h4>\n<p>Mais pour que le r\u00e9sultat soit r\u00e9ellement \u00e0 la hauteur \u2014 comme chez un \u00e9diteur, avec une finition soign\u00e9e \u2014 certaines \u00e9tapes cl\u00e9s restent indispensables :\u00a0structuration du contenu, choix d\u2019une ligne \u00e9ditoriale coh\u00e9rente, mise en page adapt\u00e9e, conception de la couverture, coh\u00e9rence graphique, lisibilit\u00e9 optimale, respect des normes d\u2019\u00e9dition, impression, publication et d\u00e9couvrabilit\u00e9.<\/p>\n<h4>C\u2019est pr\u00e9cis\u00e9ment l\u00e0 que notre accompagnement et notre savoir-faire entrent en jeu.<\/h4>\n<p>Nous vous accompagnons \u00e0 chaque \u00e9tape, jusqu\u2019\u00e0 la publication. De la structuration du livre \u00e0 la cr\u00e9ation d\u2019une couverture professionnelle, nous donnons \u00e0 votre manuscrit la forme d\u2019un livre abouti, coh\u00e9rent et digne d\u2019\u00eatre publi\u00e9.<\/p>\n<h4><span class=\"s1\">Et pour l\u2019impression ?<\/span><\/h4>\n<p>Gr\u00e2ce \u00e0 Amazon Kindle Direct Publishing (KDP), votre ouvrage est imprim\u00e9 \u00e0 la demande et distribu\u00e9 dans le monde entier, uniquement lorsqu\u2019une commande est pass\u00e9e. Aucun stock \u00e0 g\u00e9rer, aucun distributeur \u00e0 contacter :\u00a0vous restez en auto\u00e9dition, en conservant l\u2019enti\u00e8re ma\u00eetrise de votre ouvrage, de vos droits et de vos revenus.<\/p>\n<p>Si vous pr\u00e9f\u00e9rez faire imprimer votre livre chez un imprimeur traditionnel et g\u00e9rer vous-m\u00eame la distribution, c\u2019est \u00e9galement possible \u2014 nous vous accompagnons aussi dans cette d\u00e9marche.<\/p>\n<\/div><\/div><\/div><\/div><div class=\"et_pb_row_3 et_pb_row et_block_row box-grey\"><div class=\"et_pb_column_3 et_pb_column et_pb_column_4_4 et-last-child et_block_column et_pb_css_mix_blend_mode_passthrough\"><div class=\"et_pb_text_3 et_pb_text et_pb_bg_layout_light et_pb_module et_block_module\"><div class=\"et_pb_text_inner\"><h3><span style=\"font-size: 1.5rem;\">Les avantages d\u2019Amazon KDP :<\/span><\/h3>\n<ul>\n<li>Impression \u00e0 la demande lorsqu\u2019une commande est effectivement pass\u00e9e<\/li>\n<li>Pas de minimum d\u2019exemplaires<\/li>\n<li>Pas de frais d\u2019impression \u00e0 payer d\u2019avance<\/li>\n<li>Pas de stockage et de logistique \u00e0 g\u00e9rer<\/li>\n<li>Distribution dans le monde entier sur Amazon (papier et eBook)<\/li>\n<li>Jusqu\u2019\u00e0 70\u202f% de royalties sur les ventes<\/li>\n<li>Pas d\u2019interm\u00e9diaire<\/li>\n<li>Publication en quelques jours<\/li>\n<\/ul>\n<\/div><\/div><\/div><\/div><div class=\"et_pb_row_4 et_pb_row et_block_row\"><div class=\"et_pb_column_4 et_pb_column et_pb_column_4_4 et-last-child et_block_column et_pb_css_mix_blend_mode_passthrough\"><div class=\"et_pb_text_4 et_pb_text et_pb_bg_layout_light et_pb_module et_block_module\"><div class=\"et_pb_text_inner\"><h3>\u00c0 qui s\u2019adresse cette offre ?<\/h3>\n<p>Ce pack s\u2019adresse aux auteurs et autrices, praticiens et praticiennes, entrepreneurs et entrepreneuses, ou artistes disposant d\u2019un manuscrit r\u00e9dig\u00e9 (fiction ou non-fiction), et souhaitant le transformer en un livre abouti, pr\u00eat \u00e0 \u00eatre publi\u00e9 de mani\u00e8re professionnelle.<\/p>\n<\/div><\/div><\/div><\/div><\/div><div class=\"et_pb_section_2 et_pb_section et_section_regular et_block_section\" id=\"offres\"><div class=\"et_pb_row_5 et_pb_row et_block_row\"><div class=\"et_pb_column_5 et_pb_column et_pb_column_4_4 et-last-child et_block_column et_pb_css_mix_blend_mode_passthrough\"><div class=\"et_pb_text_5 et_pb_text et_pb_bg_layout_light et_pb_module et_block_module\"><div class=\"et_pb_text_inner\"><h2 style=\"text-align: center;\"><b>Une formule selon l'\u00e9tape de votre projet<\/b><\/h2>\n<h4 class=\"p1\" style=\"text-align: center;\">Une premi\u00e8re \u00e9dition ? Un nouveau tome \u00e0 publier ? Une impression chez un imprimeur ? Voici les options possibles, selon l\u2019avancement de votre livre et vos choix de diffusion.<\/h4>\n<\/div><\/div><\/div><\/div><div class=\"et_pb_row_6 et_pb_row et_block_row\"><div class=\"et_pb_column_6 et_pb_column et_pb_column_4_4 et-last-child et_block_column et_pb_css_mix_blend_mode_passthrough\"><div class=\"et_pb_pricing_tables_0 et_pb_pricing_tables et_pb_pricing clearfix et_pb_pricing_no_bullet et_pb_pricing_3 et_pb_no_featured_in_first_row et_pb_module et_flex_module\"><div class=\"et_pb_pricing_table_0 et_pb_pricing_table et_pb_module et_block_module et_flex_column_8_24 et_flex_column_8_24_tablet et_flex_column_24_24_phone\"><div class=\"et_pb_pricing_heading\"><h2 class=\"et_pb_pricing_title\">\u00c9dition 1er livre<\/h2><span class=\"et_pb_best_value\">Publiez votre premier ouvrage<\/span><\/div><div class=\"et_pb_pricing_content_top\"><div class=\"et_pb_et_price\"><span class=\"et_pb_sum\">1'500.-<\/span><\/div><\/div><div class=\"et_pb_pricing_content\"><ul class=\"et_pb_pricing\"><li><span><p class=\"p1\">Accompagnement complet pour transformer votre manuscrit en un livre professionnel, avec r\u00e9alisation de couverture, pr\u00eat \u00e0 \u00eatre publi\u00e9 sur Amazon KDP, papier et eBook.<\/span><\/li><\/ul><\/div><div class=\"et_pb_button_wrapper\"><a class=\"et_pb_button et_pb_pricing_table_button\" href=\"#start\">En savoir plus<\/a><\/div><\/div><div class=\"et_pb_pricing_table_1 et_pb_pricing_table et_pb_module et_block_module et_flex_column_8_24 et_flex_column_8_24_tablet et_flex_column_24_24_phone\"><div class=\"et_pb_pricing_heading\"><h2 class=\"et_pb_pricing_title\">Livres suivants<\/h2><span class=\"et_pb_best_value\">Continuez votre collection \u00e9ditoriale<\/span><\/div><div class=\"et_pb_pricing_content_top\"><div class=\"et_pb_et_price\"><span class=\"et_pb_sum\">900.-<\/span><\/div><\/div><div class=\"et_pb_pricing_content\"><ul class=\"et_pb_pricing\"><li><span><p class=\"p1\">Formule avantageuse pour les ouvrages suivants : structure et mise en page similaire, r\u00e9alisation d'une couverture adapt\u00e9e et publication sur Amazon KDP, papier et eBook.<\/span><\/li><\/ul><\/div><div class=\"et_pb_button_wrapper\"><a class=\"et_pb_button et_pb_pricing_table_button\" href=\"#plus\">En savoir plus<\/a><\/div><\/div><div class=\"et_pb_pricing_table_2 et_pb_pricing_table et_pb_module et_block_module et_flex_column_8_24 et_flex_column_8_24_tablet et_flex_column_24_24_phone\"><div class=\"et_pb_pricing_heading\"><h2 class=\"et_pb_pricing_title\">Option imprimeur<\/h2><span class=\"et_pb_best_value\">G\u00e9rez la distribution vous-m\u00eame<\/span><\/div><div class=\"et_pb_pricing_content_top\"><div class=\"et_pb_et_price\"><span class=\"et_pb_sum\">350.-<\/span><\/div><\/div><div class=\"et_pb_pricing_content\"><ul class=\"et_pb_pricing\"><li><span>Option pour les personnes qui pr\u00e9f\u00e8rent imprimer leur livre chez un imprimeur traditionnel, avec plus de libert\u00e9 sur le format, le papier, la finition ou la distribution.<\/span><\/li><\/ul><\/div><div class=\"et_pb_button_wrapper\"><a class=\"et_pb_button et_pb_pricing_table_button\" href=\"#pro\">En savoir plus<\/a><\/div><\/div><\/div><\/div><\/div><div class=\"et_pb_row_7 et_pb_row et_block_row\"><div class=\"et_pb_column_7 et_pb_column et_pb_column_4_4 et-last-child et_block_column et_pb_css_mix_blend_mode_passthrough\"><div class=\"et_pb_text_6 et_pb_text et_pb_bg_layout_light et_pb_module et_block_module\"><div class=\"et_pb_text_inner\"><h3 style=\"text-align: center;\">Des formules \u00e9volutives et flexibles<\/h3>\n<p style=\"text-align: center;\">Nos prestations peuvent \u00eatre compl\u00e9t\u00e9es par des options sur mesure, selon vos besoins : cr\u00e9ation d\u2019image, photographie, illustration, relecture, r\u00e9vision, formation, ou autres travaux artistiques et techniques. N\u2019h\u00e9sitez pas \u00e0 nous contacter pour en discuter.<\/p>\n<\/div><\/div><\/div><\/div><\/div><div class=\"et_pb_section_3 et_pb_section et_section_regular et_block_section\"><div class=\"et_pb_row_8 et_pb_row et_block_row\"><div class=\"et_pb_column_8 et_pb_column et_pb_column_4_4 et-last-child et_block_column et_pb_css_mix_blend_mode_passthrough\"><div class=\"et_pb_text_7 et_pb_text et_pb_bg_layout_light et_pb_module et_block_module\"><div class=\"et_pb_text_inner\"><h2 style=\"text-align: center;\">Besoin d\u2019un conseil ou d\u2019un renseignement ?<\/h2>\n<h4 style=\"text-align: center;\">Parlons-en et trouvons la solution la plus adapt\u00e9e \u00e0 votre projet.<\/h4>\n<\/div><\/div><div class=\"et_pb_module et_pb_button_module_wrapper et_pb_button_0_wrapper preset--module--divi-button--default_wrapper\"><a class=\"et_pb_button_0 et_pb_button et_pb_bg_layout_dark et_pb_module et_block_module preset--module--divi-button--default\" href=\"https:\/\/realisons.com\/fr\/contact\/\">Nous contacter<\/a><\/div><\/div><\/div><\/div><div class=\"et_pb_section_4 et_pb_section et_section_regular et_block_section\" id=\"offres\"><div class=\"et_pb_row_9 et_pb_row et_block_row\"><div class=\"et_pb_column_9 et_pb_column et_pb_column_4_4 et-last-child et_block_column et_pb_css_mix_blend_mode_passthrough\"><div class=\"et_pb_text_8 et_pb_text et_pb_bg_layout_light et_pb_module et_block_module\"><div class=\"et_pb_text_inner\"><h2>Choisissez votre formule<\/h2>\n<\/div><\/div><\/div><\/div><div class=\"et_pb_row_10 et_pb_row et_block_row\" id=\"start\"><div class=\"et_pb_column_10 et_pb_column et_pb_column_4_4 et-last-child et_block_column et_pb_css_mix_blend_mode_passthrough\"><div class=\"et_pb_text_9 et_pb_text et_pb_bg_layout_light et_pb_module et_block_module\"><div class=\"et_pb_text_inner\"><h2 style=\"text-align: center;\">\u00c9dition 1er livre<\/h2>\n<h4 style=\"text-align: center;\"><b>Votre premier livre accompagn\u00e9 pas \u00e0<\/b> pas<b> jusqu\u2019\u00e0 sa mise en ligne sur Amazon KDP.<\/b><\/h4>\n<\/div><\/div><div class=\"et_pb_text_10 et_pb_text et_pb_bg_layout_light et_pb_module et_block_module\"><div class=\"et_pb_text_inner\"><h4 style=\"text-align: justify;\">Positionnement \u00e9ditorial<\/h4>\n<p style=\"text-align: justify;\">R\u00e9alisation d\u2019une <strong>\u00e9tude cibl\u00e9e du march\u00e9<\/strong> dans la cat\u00e9gorie du livre. <strong>Aide au choix<\/strong> du format, du papier, de la police, des prix de vente optimaux, des cat\u00e9gories et des mots-cl\u00e9s. <span class=\"s1\">Des conseils sont \u00e9galement donn\u00e9s sur les \u00e9l\u00e9ments \u00e0 pr\u00e9voir selon les <strong>bonnes pratiques d\u2019\u00e9dition<\/strong><\/span> (quatri\u00e8me de couverture, pr\u00e9face, biographie, etc.), afin de structurer l\u2019ouvrage de mani\u00e8re professionnelle.<\/p>\n<h4 style=\"text-align: justify;\">Correction semi-automatis\u00e9e<\/h4>\n<p><span class=\"s1\"><b>Une relecture assist\u00e9e par logiciel sp\u00e9cialis\u00e9<\/b><\/span>, permettant de corriger les fautes d\u2019orthographe et de ponctuation, ainsi que les erreurs simples de grammaire et de syntaxe. Une \u00e9tape efficace pour renforcer la clart\u00e9, la cr\u00e9dibilit\u00e9 et la fluidit\u00e9 de vos contenus.<\/p>\n<h4 style=\"text-align: justify;\">Mise en page compl\u00e8te<\/h4>\n<p style=\"text-align: justify;\">Mise en forme \u00e0 partir de votre fichier Word, avec <strong>adaptation aux standards Amazon KDP<\/strong> pour une impression soign\u00e9e et une lecture fluide sur Kindle (eBook). Un mod\u00e8le de structuration (Word) peut \u00eatre fourni pour faciliter la pr\u00e9paration du document.<\/p>\n<h4 style=\"text-align: justify;\">Cr\u00e9ation de la couverture<\/h4>\n<p style=\"text-align: justify;\"><strong>Optimisation d\u2019une photo ou illustration<\/strong> fournie par le client ou la cliente, ou cr\u00e9ation d\u2019une image de couverture g\u00e9n\u00e9r\u00e9e par intelligence artificielle (jusqu'\u00e0 5 concepts propos\u00e9s) sur la base d'id\u00e9es ou inspirations. Retouche manuelle de l\u2019image par un graphiste. Travail sur la lisibilit\u00e9 du titre, la coh\u00e9rence visuelle et l\u2019impact commercial. Conception graphique compl\u00e8te du recto, de la tranche et de la 4e de couverture (dos du livre).<\/p>\n<p style=\"text-align: justify;\"><strong>Accompagnement publication KDP<\/strong><br \/>Accompagnement \u00e0 la cr\u00e9ation et configuration du compte KDP, commande des num\u00e9ros ISBN, param\u00e9trage des fichiers et publication. Explication des options KDP, royalties et gestion des ventes.\u00a0 <strong>Deux heures d\u2019accompagnement<\/strong> sont pr\u00e9vues pour cette \u00e9tape, \u00e0 r\u00e9aliser dans nos locaux \u00e0 Lausanne ou en visioconf\u00e9rence.<\/p>\n<\/div><\/div><\/div><\/div><div class=\"et_pb_row_11 et_pb_row et_block_row\" id=\"plus\"><div class=\"et_pb_column_11 et_pb_column et_pb_column_4_4 et-last-child et_block_column et_pb_css_mix_blend_mode_passthrough\"><div class=\"et_pb_text_11 et_pb_text et_pb_bg_layout_light et_pb_module et_block_module\"><div class=\"et_pb_text_inner\"><h2 style=\"text-align: center;\">D\u00e8s le 2\u00e8me livre<\/h2>\n<h4 style=\"text-align: center;\">Pour tous vos livres partageant une m\u00eame ligne \u00e9ditoriale ou graphique, une formule all\u00e9g\u00e9e et optimis\u00e9e.<\/h4>\n<\/div><\/div><div class=\"et_pb_text_12 et_pb_text et_pb_bg_layout_light et_pb_module et_block_module\"><div class=\"et_pb_text_inner\"><p>\u00a0Cette offre s\u2019applique aux ouvrages suivants d\u2019un m\u00eame projet \u00e9ditorial, partageant le positionnement, le style graphique et la structure d\u00e9finis avec le premier ouvrage.<\/p>\n<h4>Positionnement \u00e9ditorial simplifi\u00e9<\/h4>\n<p><strong>R\u00e9utilisation des \u00e9l\u00e9ments strat\u00e9giques<\/strong> d\u00e9finis pr\u00e9c\u00e9demment. Ajustement ponctuel du format, du prix, des mots-cl\u00e9s et des cat\u00e9gories KDP si n\u00e9cessaire.<\/p>\n<h4 style=\"text-align: justify;\">Correction semi-automatis\u00e9e<\/h4>\n<p><span class=\"s1\"><b>Une relecture assist\u00e9e par logiciel sp\u00e9cialis\u00e9<\/b><\/span>, permettant de corriger les fautes d\u2019orthographe et de ponctuation, ainsi que les erreurs simples de grammaire et de syntaxe. Une \u00e9tape efficace pour renforcer la clart\u00e9, la cr\u00e9dibilit\u00e9 et la fluidit\u00e9 de vos contenus.<\/p>\n<h4>Mise en page compl\u00e8te<\/h4>\n<p>Mise en forme \u00e0 partir de votre fichier Word, avec <strong>adaptation aux standards Amazon KDP<\/strong> pour une impression soign\u00e9e et une lecture fluide sur Kindle (eBook). Un mod\u00e8le de structuration (Word) peut \u00eatre fourni pour faciliter la pr\u00e9paration du document.<\/p>\n<h4>Cr\u00e9ation de la couverture<\/h4>\n<p><strong>Reprise de la conception graphique valid\u00e9e<\/strong> pour le premier livre, incluant le recto, la tranche et la 4e de couverture. Optimisation d\u2019une photo ou illustration fournie par le client ou la cliente, ou cr\u00e9ation d\u2019une image de couverture g\u00e9n\u00e9r\u00e9e par intelligence artificielle (jusqu'\u00e0 5 concepts propos\u00e9s) sur la base d'id\u00e9es ou inspirations. Retouche manuelle de l\u2019image par un graphiste. Travail sur la lisibilit\u00e9 du titre, la coh\u00e9rence visuelle et l\u2019impact commercial.<\/p>\n<h4>Accompagnement publication KDP<\/h4>\n<p><strong>Assistance \u00e0 la configuration<\/strong> du nouveau titre dans le compte KDP existant. Param\u00e9trage des fichiers, s\u00e9lection des options, suivi et v\u00e9rifications techniques. Accompagnement en visio si n\u00e9cessaire. <strong>Une heure<\/strong> d\u2019accompagnement est pr\u00e9vue pour cette \u00e9tape, \u00e0 r\u00e9aliser dans nos locaux \u00e0 Lausanne ou en visioconf\u00e9rence.<\/p>\n<\/div><\/div><\/div><\/div><div class=\"et_pb_row_12 et_pb_row et_block_row\" id=\"pro\"><div class=\"et_pb_column_12 et_pb_column et_pb_column_4_4 et-last-child et_block_column et_pb_css_mix_blend_mode_passthrough\"><div class=\"et_pb_text_13 et_pb_text et_pb_bg_layout_light et_pb_module et_block_module\"><div class=\"et_pb_text_inner\"><h2 style=\"text-align: center;\">Option imprimeur<\/h2>\n<h4 style=\"text-align: center;\">Faites imprimer votre livre chez un imprimeur, hors Amazon KDP, et assurez vous-m\u00eame la distribution.<\/h4>\n<\/div><\/div><div class=\"et_pb_text_14 et_pb_text et_pb_bg_layout_light et_pb_module et_block_module\"><div class=\"et_pb_text_inner\"><p>Vous souhaitez imprimer votre livre chez un imprimeur, en dehors d\u2019Amazon KDP, et g\u00e9rer vous-m\u00eame la distribution ? Cette option comprend :<\/p>\n<ul>\n<li>La pr\u00e9paration des fichiers aux normes techniques de l\u2019imprimeur (couverture et int\u00e9rieur)<\/li>\n<li>L\u2019adaptation de la couverture selon le gabarit fourni (dimensions exactes, fond perdu, rep\u00e8res de coupe, dos calcul\u00e9)<\/li>\n<li>L\u2019export et la v\u00e9rification du fichier int\u00e9rieur en PDF haute qualit\u00e9 (marges, r\u00e9solutions, coh\u00e9rence typographique)<\/li>\n<li>Les \u00e9changes techniques avec l\u2019imprimeur pour la remise des fichiers et le suivi<\/li>\n<li>La validation du BAT num\u00e9rique (ou papier selon les cas)<\/li>\n<li>L\u2019accompagnement jusqu\u2019\u00e0 la validation finale pour l\u2019impression<\/li>\n<\/ul>\n<\/div><\/div><\/div><\/div><\/div><div class=\"et_pb_section_5 et_pb_section et_section_regular et_block_section\" id=\"offres\"><div class=\"et_pb_row_13 et_pb_row et_block_row\"><div class=\"et_pb_column_13 et_pb_column et_pb_column_4_4 et-last-child et_block_column et_pb_css_mix_blend_mode_passthrough\"><div class=\"et_pb_text_15 et_pb_text et_pb_bg_layout_light et_pb_module et_block_module\"><div class=\"et_pb_text_inner\"><h2 style=\"text-align: center;\">Conditions de r\u00e9alisation<\/h2>\n<\/div><\/div><\/div><\/div><div class=\"et_pb_row_14 et_pb_row et_pb_equal_columns et_block_row\" id=\"start\"><div class=\"et_pb_column_14 et_pb_column et_pb_column_1_3 et_block_column et_pb_css_mix_blend_mode_passthrough box-grey\"><div class=\"et_pb_text_16 et_pb_text et_pb_bg_layout_light et_pb_module et_block_module\"><div class=\"et_pb_text_inner\"><h3>\u00c0 nous fournir<\/h3>\n<ul>\n<li>Tous les textes n\u00e9cessaires : contenu du livre, texte de la couverture<span>,<\/span> mini-biographie et <span>r\u00e9sum\u00e9 de quatri\u00e8me de couverture<\/span> (texte figurant au dos du livre)<\/li>\n<li>Un fichier Word <span>structur\u00e9 selon le mod\u00e8le R\u00e9alisons<\/span> ou comportant une <span>hi\u00e9rarchie de titres claire et coh\u00e9rente<\/span> (Titres 1, 2, 3, corps de texte, listes \u00e0 puces \/ num\u00e9ros, etc.)<\/li>\n<li>Une <span>id\u00e9e ou inspiration visuelle<\/span> pour la cr\u00e9ation de la couverture (ambiance, image de r\u00e9f\u00e9rence, mots-cl\u00e9s, r\u00e9f\u00e9rences graphiques, etc.)<\/li>\n<li>Lorsque le client ou la cliente ne dispose pas d\u2019image ou d\u2019illustration, il fournit une image dont il d\u00e9tient les droits d\u2019auteur ou d\u2019exploitation. Dans le cas contraire, une cr\u00e9ation peut \u00eatre propos\u00e9e par g\u00e9n\u00e9ration d\u2019image assist\u00e9e par intelligence artificielle.<\/li>\n<li>Si un ou plusieurs num\u00e9ros ISBN suisses sont souhait\u00e9s, R\u00e9alisons peut, sur demande, effectuer la commande aupr\u00e8s de soci\u00e9t\u00e9 \u00e9mettrice.<\/li>\n<\/ul>\n<\/div><\/div><\/div><div class=\"et_pb_column_15 et_pb_column et_pb_column_1_3 et_block_column et_pb_css_mix_blend_mode_passthrough box-grey\"><div class=\"et_pb_text_17 et_pb_text et_pb_bg_layout_light et_pb_module et_block_module\"><div class=\"et_pb_text_inner\"><h3>Ce qui est inclus<\/h3>\n<p style=\"text-align: left;\">Cette offre comprend l\u2019ensemble des prestations d\u00e9crites dans le forfait, avec un accompagnement personnalis\u00e9 \u00e0 chaque \u00e9tape. Elle est con\u00e7ue pour des manuscrits allant jusqu\u2019\u00e0 60\u2019000 mots, ce qui correspond \u00e0 un livre standard de 250 \u00e0 400 pages selon la mise en page et la taille de police choisie. Le tarif inclut jusqu\u2019\u00e0 <u>deux r\u00e9visions majeures<\/u> pour la mise en page du livre et la cr\u00e9ation de la couverture. Les retouches mineures sont naturellement prises en compte. Toute demande sortant du cadre initial sera discut\u00e9e avec le client ou\u00a0 la cliente avant validation et factur\u00e9e en sus.<\/p>\n<\/div><\/div><\/div><div class=\"et_pb_column_16 et_pb_column et_pb_column_1_3 et-last-child et_block_column et_pb_css_mix_blend_mode_passthrough box-grey\"><div class=\"et_pb_text_18 et_pb_text et_pb_bg_layout_light et_pb_module et_block_module\"><div class=\"et_pb_text_inner\"><h3>Ce qui n\u2019es PAS inclut<\/h3>\n<ul>\n<li>Nettoyage d\u2019un fichier Word ne respectant pas les bonnes pratiques<\/li>\n<li>Correction stylistique (reformulation, am\u00e9lioration de la fluidit\u00e9 et de la clart\u00e9)<\/li>\n<li>Correction manuelle approfondie des textes (coh\u00e9rence, constructions gramaticales complexes ou ambig\u00fces, logique \u00e9ditoriale, structure argumentative, conformit\u00e9 \u00e0 des normes sp\u00e9cifiques)<\/li>\n<li>Relecture critique (avis sur le fond, structure, coh\u00e9rence narrative et impact global)<\/li>\n<li>R\u00e9daction de texte (quatri\u00e8me de couverture, biographie, pr\u00e9face ou avant-propos)<\/li>\n<li>Mise en page de manuscrit au-del\u00e0 de 60\u2019000 mots<\/li>\n<li>Cr\u00e9ation d\u2019illustrations ou de visuels originaux par un illustrateur ou une illustratrice ou graphiste<\/li>\n<\/ul>\n<p>Ces prestations peuvent \u00eatre demand\u00e9es sur devis.<\/p>\n<\/div><\/div><\/div><\/div><\/div><div class=\"et_pb_section_6 et_pb_section et_section_regular et_block_section\"><div class=\"et_pb_row_15 et_pb_row et_block_row\"><div class=\"et_pb_column_17 et_pb_column et_pb_column_4_4 et-last-child et_block_column et_pb_css_mix_blend_mode_passthrough\"><div class=\"et_pb_text_19 et_pb_text et_pb_bg_layout_light et_pb_module et_block_module\"><div class=\"et_pb_text_inner\"><h2 style=\"text-align: center;\">Besoin d\u2019un conseil ou d\u2019un renseignement ?<\/h2>\n<h4 style=\"text-align: center;\">Parlons-en et trouvons la solution la plus adapt\u00e9e \u00e0 votre projet.<\/h4>\n<\/div><\/div><div class=\"et_pb_module et_pb_button_module_wrapper et_pb_button_1_wrapper preset--module--divi-button--default_wrapper\"><a class=\"et_pb_button_1 et_pb_button et_pb_bg_layout_dark et_pb_module et_block_module preset--module--divi-button--default\" href=\"https:\/\/realisons.com\/fr\/contact\/\">Nous contacter<\/a><\/div><\/div><\/div><\/div>\n","protected":false},"excerpt":{"rendered":"","protected":false},"author":1,"featured_media":0,"parent":0,"menu_order":1,"comment_status":"closed","ping_status":"closed","template":"","meta":{"_acf_changed":false,"footnotes":""},"class_list":["post-3705","page","type-page","status-publish","hentry"],"acf":[],"_links":{"self":[{"href":"https:\/\/realisons.com\/fr\/wp-json\/wp\/v2\/pages\/3705","targetHints":{"allow":["GET"]}}],"collection":[{"href":"https:\/\/realisons.com\/fr\/wp-json\/wp\/v2\/pages"}],"about":[{"href":"https:\/\/realisons.com\/fr\/wp-json\/wp\/v2\/types\/page"}],"author":[{"embeddable":true,"href":"https:\/\/realisons.com\/fr\/wp-json\/wp\/v2\/users\/1"}],"replies":[{"embeddable":true,"href":"https:\/\/realisons.com\/fr\/wp-json\/wp\/v2\/comments?post=3705"}],"version-history":[{"count":1,"href":"https:\/\/realisons.com\/fr\/wp-json\/wp\/v2\/pages\/3705\/revisions"}],"predecessor-version":[{"id":4732,"href":"https:\/\/realisons.com\/fr\/wp-json\/wp\/v2\/pages\/3705\/revisions\/4732"}],"wp:attachment":[{"href":"https:\/\/realisons.com\/fr\/wp-json\/wp\/v2\/media?parent=3705"}],"curies":[{"name":"wp","href":"https:\/\/api.w.org\/{rel}","templated":true}]}}