{"id":1597,"date":"2024-07-14T14:58:54","date_gmt":"2024-07-14T12:58:54","guid":{"rendered":"https:\/\/realisons.com\/?page_id=1597"},"modified":"2026-04-21T17:02:45","modified_gmt":"2026-04-21T15:02:45","slug":"accueil","status":"publish","type":"page","link":"https:\/\/realisons.com\/fr\/","title":{"rendered":"Accueil"},"content":{"rendered":"<div class=\"et_pb_section_0 et_pb_section et_section_regular et_flex_section\">\n<div class=\"et_pb_row_0 et_pb_row et_flex_row\">\n<div class=\"et_pb_column_0 et_pb_column et-last-child et_flex_column et_pb_css_mix_blend_mode_passthrough et_flex_column_24_24 et_flex_column_24_24_tablet et_flex_column_24_24_phone\">\n<section\n    class=\"r-hero\"\n    aria-label=\"Hero R\u00e9alisons \u2014 Accompagnement entrepreneurial\"\n    lang=\"fr\"\n    data-states=\"[{&quot;step&quot;:&quot;Situer votre point de d\u00e9part&quot;,&quot;h1&quot;:&quot;Vous avez la ma\u00eetrise.&quot;,&quot;h1Accent&quot;:&quot;Nous avons le cadre.&quot;,&quot;body&quot;:&quot;Votre savoir-faire, notre m\u00e9thode. Trois mois pour lancer ou relancer votre activit\u00e9, de la vision au plan d&#039;action.&quot;},{&quot;step&quot;:&quot;Orienter votre d\u00e9marche&quot;,&quot;h1&quot;:&quot;Votre situation est unique.&quot;,&quot;h1Accent&quot;:&quot;Nous vous orientons.&quot;,&quot;body&quot;:&quot;D\u00e9crivez votre situation en une phrase. Notre agent vous oriente : engagement direct, ou appel de 15 minutes si n\u00e9cessaire.&quot;},{&quot;step&quot;:&quot;Structurer votre activit\u00e9&quot;,&quot;h1&quot;:&quot;Trois mois pour poser les fondations.&quot;,&quot;h1Accent&quot;:&quot;La base de tout.&quot;,&quot;body&quot;:&quot;Un accompagnateur d\u00e9di\u00e9, une plateforme intelligente, une m\u00e9thode terrain. De la vision au plan d&#039;action activable.&quot;},{&quot;step&quot;:&quot;R\u00e9aliser ensemble&quot;,&quot;h1&quot;:&quot;Vous passez \u00e0 l&#039;action.&quot;,&quot;h1Accent&quot;:&quot;Nous restons \u00e0 vos c\u00f4t\u00e9s.&quot;,&quot;body&quot;:&quot;Nos partenaires s\u00e9lectionn\u00e9s prennent le relais. Nous coordonnons ou assistons. Un interlocuteur unique pendant la mise en \u0153uvre.&quot;}]\"\n    data-preview-state=\"01\"\n    data-active-state=\"01\"\n>\n    <nav class=\"r-timeline\" aria-label=\"Progression du parcours\">\n        <div class=\"r-timeline__track\" aria-hidden=\"true\"><\/div>\n        <div class=\"r-timeline__fill\" aria-hidden=\"true\"><\/div>\n                                <button type=\"button\" class=\"r-timeline__step\" data-state-index=\"0\" aria-label=\"Situer\">\n                <div class=\"r-timeline__dot active\"><\/div>\n                <span class=\"r-timeline__label active\">Situer<\/span>\n            <\/button>\n                                <button type=\"button\" class=\"r-timeline__step\" data-state-index=\"1\" aria-label=\"Orienter\">\n                <div class=\"r-timeline__dot\"><\/div>\n                <span class=\"r-timeline__label\">Orienter<\/span>\n            <\/button>\n                                <button type=\"button\" class=\"r-timeline__step\" data-state-index=\"2\" aria-label=\"Structurer\">\n                <div class=\"r-timeline__dot\"><\/div>\n                <span class=\"r-timeline__label\">Structurer<\/span>\n            <\/button>\n                                <button type=\"button\" class=\"r-timeline__step\" data-state-index=\"3\" aria-label=\"R\u00e9aliser\">\n                <div class=\"r-timeline__dot\"><\/div>\n                <span class=\"r-timeline__label\">R\u00e9aliser<\/span>\n            <\/button>\n            <\/nav>\n\n    <div id=\"r-hero-content\" class=\"r-hero__left\" aria-live=\"polite\" aria-atomic=\"true\">\n        <div class=\"r-hero__top\">\n                            <p class=\"r-eyebrow\">L&#039;ACCUEIL<\/p>\n                        <p class=\"r-hero__step r-caption\">Situer votre point de d\u00e9part<\/p>\n        <\/div>\n\n        <div class=\"r-hero__narrative\">\n            <h1 class=\"r-h1\">Vous avez la ma\u00eetrise.<\/h1>\n            <p class=\"r-h1 r-h1--accent\">Nous avons le cadre.<\/p>\n            <p class=\"r-body\">Votre savoir-faire, notre m\u00e9thode. Trois mois pour lancer ou relancer votre activit\u00e9, de la vision au plan d&#039;action.<\/p>\n        <\/div>\n\n        <div class=\"r-hero__bottom\">\n                            <a href=\"#evaluation\" class=\"r-btn r-btn--teal r-hero__cta\" role=\"button\">\n                    \u00c9valuer ma situation                <\/a>\n            \n            <a href=\"\/commande\" class=\"r-hero__secondary-cta\">\n                Commencer le programme \u2192            <\/a>\n        <\/div>\n    <\/div>\n\n    <div class=\"r-hero__right\">\n        <div class=\"r-carousel r-hero__carousel\" role=\"region\" aria-roledescription=\"carousel\" aria-label=\"Cartes interactives\">\n            <article\n                class=\"r-card\"\n                role=\"group\"\n                aria-roledescription=\"slide\"\n                aria-label=\"Carte 1 sur 3\"\n                data-card=\"evaluation\"\n            >\n                <h2 class=\"r-h3\">O\u00f9 en \u00eates-vous ?<\/h2>\n                <p class=\"r-body-sm\">D\u00e9crivez votre situation en une phrase. Notre agent vous oriente.<\/p>\n                <div class=\"r-evaluation\">\n                    <label class=\"r-sr-only\" for=\"r-hero-input-1\">Votre situation<\/label>\n                    <textarea\n                        class=\"r-evaluation__input\"\n                        id=\"r-hero-input-1\"\n                        rows=\"3\"\n                        maxlength=\"1200\"\n                        placeholder=\"Ex. : ind\u00e9pendant depuis 2 ans, je veux structurer mon offre...\"\n                        aria-label=\"Votre situation\"\n                        aria-describedby=\"r-evaluation-hint\"\n                    ><\/textarea>\n                    <p class=\"r-sr-only\" id=\"r-evaluation-hint\">D\u00e9crivez votre activit\u00e9, projet ou blocage en quelques mots. Appuyez sur Entr\u00e9e ou cliquez sur Analyser.<\/p>\n                    <div class=\"r-evaluation__footer\">\n                        <button class=\"r-evaluation__submit r-btn\" type=\"button\" aria-busy=\"false\">Obtenir mon orientation<\/button>\n                        <span class=\"r-evaluation__error\" aria-live=\"assertive\" role=\"alert\"><\/span>\n                    <\/div>\n                <\/div>\n            <\/article>\n\n            <article\n                class=\"r-card\"\n                role=\"group\"\n                aria-roledescription=\"slide\"\n                aria-label=\"Carte 2 sur 3\"\n                aria-hidden=\"true\"\n                data-card=\"profils\"\n            >\n                <h2 class=\"r-h3\">Vous vous reconnaissez ?<\/h2>\n                <div class=\"r-hero__chip-list\">\n                                                                    <button type=\"button\" class=\"r-chip\" data-profile=\"profil-ideas\">J&#039;ai des id\u00e9es mais pas de direction<\/button>\n                                                                    <button type=\"button\" class=\"r-chip\" data-profile=\"profil-stagne\">Je tourne en rond<\/button>\n                                                                    <button type=\"button\" class=\"r-chip\" data-profile=\"profil-revenu\">\u00c7a ne me rapporte pas<\/button>\n                                    <\/div>\n            <\/article>\n\n            <article\n                class=\"r-card\"\n                role=\"group\"\n                aria-roledescription=\"slide\"\n                aria-label=\"Carte 3 sur 3\"\n                aria-hidden=\"true\"\n                data-card=\"resultats\"\n            >\n                <h2 class=\"r-h3\">R\u00e9sultats vis\u00e9s<\/h2>\n                <div class=\"r-hero__pill-list\">\n                                                                    <button type=\"button\" class=\"r-pill\" data-result=\"vision-claire\">Vision claire<\/button>\n                                                                    <button type=\"button\" class=\"r-pill\" data-result=\"offre-structuree\">Positionnement<\/button>\n                                                                    <button type=\"button\" class=\"r-pill\" data-result=\"modele-viable\">Offre structur\u00e9e<\/button>\n                                                                    <button type=\"button\" class=\"r-pill\" data-result=\"positionnement\">Mod\u00e8le viable<\/button>\n                                                                    <button type=\"button\" class=\"r-pill\" data-result=\"plan-action\">Plan d&#039;action<\/button>\n                                                                    <button type=\"button\" class=\"r-pill\" data-result=\"pilotage\">Pilotage<\/button>\n                                    <\/div>\n            <\/article>\n\n            <!-- Card 4 (programme) removed \u2014 CTA moved to r-hero__secondary-cta -->\n\n            <article\n                class=\"r-card r-card--overlay\"\n                role=\"group\"\n                aria-roledescription=\"slide\"\n                aria-label=\"R\u00e9sultat positif\"\n                aria-hidden=\"true\"\n                data-card=\"overlay-positif\"\n                style=\"display:none\"\n            >\n                <div class=\"r-overlay__topline r-overlay__topline--green\" aria-hidden=\"true\"><\/div>\n                <span class=\"r-eyebrow\">R\u00e9sultat de l&#039;\u00e9valuation<\/span>\n                <div class=\"r-overlay__title-row\">\n                    <span class=\"r-overlay__icon r-overlay__icon--green\" aria-hidden=\"true\">&#10003;<\/span>\n                    <h2 class=\"r-h3\">Vous \u00eates au bon endroit<\/h2>\n                <\/div>\n                <p class=\"r-body-sm r-overlay__desc\">Notre programme correspond \u00e0 votre profil \u2014 3 mois d&#039;accompagnement structur\u00e9 \u00e0 980 CHF.<\/p>\n                <a href=\"https:\/\/realisons.com\/fr\/commande\/\" class=\"r-btn r-btn--green-outline\">Commencer le programme \u2192<\/a>\n                <a href=\"https:\/\/realisons.com\/fr\/echange\/\" class=\"r-hero__secondary-cta r-hero__secondary-cta--teal\">\n                    R\u00e9servez un \u00e9change \u2192                <\/a>\n            <\/article>\n\n            <article\n                class=\"r-card r-card--overlay\"\n                role=\"group\"\n                aria-roledescription=\"slide\"\n                aria-label=\"Proposition d&#039;\u00e9change\"\n                aria-hidden=\"true\"\n                data-card=\"overlay-echange\"\n                style=\"display:none\"\n            >\n                                <div class=\"r-overlay__topline r-overlay__topline--teal\" aria-hidden=\"true\"><\/div>\n                <span class=\"r-eyebrow\">R\u00e9ponse de l&#039;agent<\/span>\n                <div class=\"r-overlay__title-row\">\n                    <span class=\"r-overlay__icon r-overlay__icon--teal\" aria-hidden=\"true\">&asymp;<\/span>\n                    <h2 class=\"r-h3\">Parlons de votre situation<\/h2>\n                <\/div>\n                <p class=\"r-body-sm r-overlay__desc\">Votre profil m\u00e9rite une discussion \u2014 notre \u00e9quipe peut vous orienter pr\u00e9cis\u00e9ment en 15 min.<\/p>\n                <a href=\"https:\/\/realisons.com\/fr\/echange\/\" class=\"r-btn r-btn--teal-outline\">R\u00e9server un \u00e9change gratuit \u2192<\/a>\n            <\/article>\n\n            <div class=\"r-carousel__nav-area\">\n                <button type=\"button\" class=\"r-carousel__nav r-carousel__nav--prev\" aria-label=\"Carte pr\u00e9c\u00e9dente\">&larr;<\/button>\n                <div class=\"r-carousel__dots\" role=\"group\" aria-label=\"Navigation du carousel\">\n                                            <button\n                            type=\"button\"\n                            class=\"r-carousel__dot active\"\n                            aria-label=\"Carte 1 sur 3\"\n                            aria-current=\"true\"                        ><\/button>\n                                            <button\n                            type=\"button\"\n                            class=\"r-carousel__dot\"\n                            aria-label=\"Carte 2 sur 3\"\n                                                    ><\/button>\n                                            <button\n                            type=\"button\"\n                            class=\"r-carousel__dot\"\n                            aria-label=\"Carte 3 sur 3\"\n                                                    ><\/button>\n                                    <\/div>\n                <button type=\"button\" class=\"r-carousel__nav r-carousel__nav--next\" aria-label=\"Carte suivante\">&rarr;<\/button>\n            <\/div>\n\n            <div class=\"r-carousel__live r-sr-only\" aria-live=\"polite\" aria-atomic=\"true\">Carte 1 sur 3<\/div>\n        <\/div>\n    <\/div>\n    <script id=\"realisons-eval-config\">\n    window.realisonsEvalConfig = {\n        systemPrompt: \"Tu es l'assistant de qualification de Realisons. Analyse les reponses et propose la formule adaptee. Vouvoiement, ton sobre, 80-120 mots max.\",\n        positiveKeywords: [\"lancement\",\"demarr\",\"independant\",\"freelance\",\"creat\",\"structure\",\"coach\",\"conseil\",\"formation\",\"consultant\"],\n        negativeKeywords: [\"fintech\",\"crypto\",\"trading\",\"banque\",\"assurance\",\"pharmaceut\",\"juridique\",\"grande entreprise\",\"corporate\",\"corpo\",\"multinationale\",\"groupe\",\"holding\"],\n        negativePrompt: \"Votre domaine necessite un accompagnement specialise que nous ne proposons pas actuellement.\"    };\n    <\/script>\n<\/section>\n<\/div>\n<\/div>\n<\/div>\n\n<div class=\"et_pb_section_1 et_pb_section et_section_regular et_flex_section\">\n<div class=\"et_pb_row_1 et_pb_row et-vb-row--no-module et_flex_row\">\n<div class=\"et_pb_column_1 et_pb_column et-last-child et_flex_column et_pb_column_empty et_pb_css_mix_blend_mode_passthrough et_flex_column_24_24 et_flex_column_24_24_tablet et_flex_column_24_24_phone\">\n\n<\/div>\n<\/div>\n<\/div>","protected":false},"excerpt":{"rendered":"","protected":false},"author":1,"featured_media":0,"parent":0,"menu_order":1,"comment_status":"closed","ping_status":"closed","template":"","meta":{"_acf_changed":false,"footnotes":""},"class_list":["post-1597","page","type-page","status-publish","hentry"],"acf":[],"_links":{"self":[{"href":"https:\/\/realisons.com\/fr\/wp-json\/wp\/v2\/pages\/1597","targetHints":{"allow":["GET"]}}],"collection":[{"href":"https:\/\/realisons.com\/fr\/wp-json\/wp\/v2\/pages"}],"about":[{"href":"https:\/\/realisons.com\/fr\/wp-json\/wp\/v2\/types\/page"}],"author":[{"embeddable":true,"href":"https:\/\/realisons.com\/fr\/wp-json\/wp\/v2\/users\/1"}],"replies":[{"embeddable":true,"href":"https:\/\/realisons.com\/fr\/wp-json\/wp\/v2\/comments?post=1597"}],"version-history":[{"count":114,"href":"https:\/\/realisons.com\/fr\/wp-json\/wp\/v2\/pages\/1597\/revisions"}],"predecessor-version":[{"id":5733,"href":"https:\/\/realisons.com\/fr\/wp-json\/wp\/v2\/pages\/1597\/revisions\/5733"}],"wp:attachment":[{"href":"https:\/\/realisons.com\/fr\/wp-json\/wp\/v2\/media?parent=1597"}],"curies":[{"name":"wp","href":"https:\/\/api.w.org\/{rel}","templated":true}]}}